{"id":296,"date":"2023-03-07T19:31:39","date_gmt":"2023-03-07T19:31:39","guid":{"rendered":"https:\/\/tallerescocina.desarrollositios.info\/?post_type=product&#038;p=296"},"modified":"2023-03-07T19:38:13","modified_gmt":"2023-03-07T19:38:13","slug":"curso-de-nutricion-para-la-mujer","status":"publish","type":"product","link":"https:\/\/tallerescocina.desarrollositios.info\/index.php\/producto\/curso-de-nutricion-para-la-mujer\/","title":{"rendered":"Curso de nutrici\u00f3n para la mujer"},"content":{"rendered":"<p>Curso de nutrici\u00f3n para la mujer est\u00e1 muy enfocado a las mujeres en todas las etapas de su vida,<\/p>\n","protected":false},"excerpt":{"rendered":"<p>Curso de nutrici\u00f3n para la mujer est\u00e1 muy enfocado a las mujeres en todas las etapas de su vida,<\/p>\n","protected":false},"featured_media":46,"comment_status":"open","ping_status":"closed","template":"","meta":{"_et_pb_use_builder":"","_et_pb_old_content":"","_et_gb_content_width":""},"product_cat":[24],"product_tag":[],"_links":{"self":[{"href":"https:\/\/tallerescocina.desarrollositios.info\/index.php\/wp-json\/wp\/v2\/product\/296"}],"collection":[{"href":"https:\/\/tallerescocina.desarrollositios.info\/index.php\/wp-json\/wp\/v2\/product"}],"about":[{"href":"https:\/\/tallerescocina.desarrollositios.info\/index.php\/wp-json\/wp\/v2\/types\/product"}],"replies":[{"embeddable":true,"href":"https:\/\/tallerescocina.desarrollositios.info\/index.php\/wp-json\/wp\/v2\/comments?post=296"}],"wp:featuredmedia":[{"embeddable":true,"href":"https:\/\/tallerescocina.desarrollositios.info\/index.php\/wp-json\/wp\/v2\/media\/46"}],"wp:attachment":[{"href":"https:\/\/tallerescocina.desarrollositios.info\/index.php\/wp-json\/wp\/v2\/media?parent=296"}],"wp:term":[{"taxonomy":"product_cat","embeddable":true,"href":"https:\/\/tallerescocina.desarrollositios.info\/index.php\/wp-json\/wp\/v2\/product_cat?post=296"},{"taxonomy":"product_tag","embeddable":true,"href":"https:\/\/tallerescocina.desarrollositios.info\/index.php\/wp-json\/wp\/v2\/product_tag?post=296"}],"curies":[{"name":"wp","href":"https:\/\/api.w.org\/{rel}","templated":true}]}}