{"id":293,"date":"2023-03-07T18:46:58","date_gmt":"2023-03-07T18:46:58","guid":{"rendered":"https:\/\/tallerescocina.desarrollositios.info\/?post_type=product&#038;p=293"},"modified":"2023-03-08T08:51:33","modified_gmt":"2023-03-08T08:51:33","slug":"taller-cocteleria","status":"publish","type":"product","link":"https:\/\/tallerescocina.desarrollositios.info\/index.php\/producto\/taller-cocteleria\/","title":{"rendered":"Taller Cocteleria"},"content":{"rendered":"<p>El Taller Cocteler\u00eda incluye todo tipo de bebidas seg\u00fan la ocasi\u00f3n, adem\u00e1s de cientos de recetas.<\/p>\n","protected":false},"excerpt":{"rendered":"<p>El Taller Cocteler\u00eda incluye todo tipo de bebidas seg\u00fan la ocasi\u00f3n, adem\u00e1s de cientos de recetas.<\/p>\n","protected":false},"featured_media":305,"comment_status":"open","ping_status":"closed","template":"","meta":{"_et_pb_use_builder":"","_et_pb_old_content":"","_et_gb_content_width":""},"product_cat":[23],"product_tag":[],"_links":{"self":[{"href":"https:\/\/tallerescocina.desarrollositios.info\/index.php\/wp-json\/wp\/v2\/product\/293"}],"collection":[{"href":"https:\/\/tallerescocina.desarrollositios.info\/index.php\/wp-json\/wp\/v2\/product"}],"about":[{"href":"https:\/\/tallerescocina.desarrollositios.info\/index.php\/wp-json\/wp\/v2\/types\/product"}],"replies":[{"embeddable":true,"href":"https:\/\/tallerescocina.desarrollositios.info\/index.php\/wp-json\/wp\/v2\/comments?post=293"}],"wp:featuredmedia":[{"embeddable":true,"href":"https:\/\/tallerescocina.desarrollositios.info\/index.php\/wp-json\/wp\/v2\/media\/305"}],"wp:attachment":[{"href":"https:\/\/tallerescocina.desarrollositios.info\/index.php\/wp-json\/wp\/v2\/media?parent=293"}],"wp:term":[{"taxonomy":"product_cat","embeddable":true,"href":"https:\/\/tallerescocina.desarrollositios.info\/index.php\/wp-json\/wp\/v2\/product_cat?post=293"},{"taxonomy":"product_tag","embeddable":true,"href":"https:\/\/tallerescocina.desarrollositios.info\/index.php\/wp-json\/wp\/v2\/product_tag?post=293"}],"curies":[{"name":"wp","href":"https:\/\/api.w.org\/{rel}","templated":true}]}}