{"id":275,"date":"2023-03-07T13:40:14","date_gmt":"2023-03-07T13:40:14","guid":{"rendered":"https:\/\/tallerescocina.desarrollositios.info\/?post_type=product&#038;p=275"},"modified":"2023-03-08T09:05:29","modified_gmt":"2023-03-08T09:05:29","slug":"taller-de-pasteleria","status":"publish","type":"product","link":"https:\/\/tallerescocina.desarrollositios.info\/index.php\/producto\/taller-de-pasteleria\/","title":{"rendered":"Taller de Pasteler\u00eda"},"content":{"rendered":"<p>El taller de pasteler\u00eda consta de 100 clases, es muy intenso y capacita pr\u00e1cticamente para hacer el trabajo completo de en el rublo. La titulaci\u00f3n se efect\u00faa con un coctel.<\/p>\n<p>&nbsp;<\/p>\n","protected":false},"excerpt":{"rendered":"<p>El taller de pasteler\u00eda consta de 100 clases, es muy intenso y capacita pr\u00e1cticamente para hacer el trabajo completo de en el rublo. La titulaci\u00f3n se efect\u00faa con un coctel. &nbsp;<\/p>\n","protected":false},"featured_media":311,"comment_status":"open","ping_status":"closed","template":"","meta":{"_et_pb_use_builder":"","_et_pb_old_content":"","_et_gb_content_width":""},"product_cat":[23],"product_tag":[],"_links":{"self":[{"href":"https:\/\/tallerescocina.desarrollositios.info\/index.php\/wp-json\/wp\/v2\/product\/275"}],"collection":[{"href":"https:\/\/tallerescocina.desarrollositios.info\/index.php\/wp-json\/wp\/v2\/product"}],"about":[{"href":"https:\/\/tallerescocina.desarrollositios.info\/index.php\/wp-json\/wp\/v2\/types\/product"}],"replies":[{"embeddable":true,"href":"https:\/\/tallerescocina.desarrollositios.info\/index.php\/wp-json\/wp\/v2\/comments?post=275"}],"wp:featuredmedia":[{"embeddable":true,"href":"https:\/\/tallerescocina.desarrollositios.info\/index.php\/wp-json\/wp\/v2\/media\/311"}],"wp:attachment":[{"href":"https:\/\/tallerescocina.desarrollositios.info\/index.php\/wp-json\/wp\/v2\/media?parent=275"}],"wp:term":[{"taxonomy":"product_cat","embeddable":true,"href":"https:\/\/tallerescocina.desarrollositios.info\/index.php\/wp-json\/wp\/v2\/product_cat?post=275"},{"taxonomy":"product_tag","embeddable":true,"href":"https:\/\/tallerescocina.desarrollositios.info\/index.php\/wp-json\/wp\/v2\/product_tag?post=275"}],"curies":[{"name":"wp","href":"https:\/\/api.w.org\/{rel}","templated":true}]}}