{"id":40,"date":"2023-03-04T09:33:21","date_gmt":"2023-03-04T09:33:21","guid":{"rendered":"https:\/\/tallerescocina.desarrollositios.info\/?page_id=40"},"modified":"2023-03-04T09:42:07","modified_gmt":"2023-03-04T09:42:07","slug":"nutricion-y-alimentacion-son-iguales","status":"publish","type":"page","link":"https:\/\/tallerescocina.desarrollositios.info\/index.php\/nutricion-y-alimentacion-son-iguales\/","title":{"rendered":"\u00bfNutrici\u00f3n y alimentaci\u00f3n son iguales?"},"content":{"rendered":"<p>[et_pb_section fb_built=&#8221;1&#8243; theme_builder_area=&#8221;post_content&#8221; _builder_version=&#8221;4.19.1&#8243; _module_preset=&#8221;default&#8221;][et_pb_row _builder_version=&#8221;4.19.1&#8243; _module_preset=&#8221;default&#8221; theme_builder_area=&#8221;post_content&#8221;][et_pb_column _builder_version=&#8221;4.19.1&#8243; _module_preset=&#8221;default&#8221; type=&#8221;4_4&#8243; theme_builder_area=&#8221;post_content&#8221;][et_pb_text _builder_version=&#8221;4.19.1&#8243; _module_preset=&#8221;default&#8221; theme_builder_area=&#8221;post_content&#8221; hover_enabled=&#8221;0&#8243; sticky_enabled=&#8221;0&#8243;]<\/p>\n<h2>Nutrici\u00f3n, no es precisamente lo mismo que alimentaci\u00f3n<\/h2>\n<p>[\/et_pb_text][\/et_pb_column][\/et_pb_row][et_pb_row _builder_version=&#8221;4.19.1&#8243; _module_preset=&#8221;default&#8221; theme_builder_area=&#8221;post_content&#8221;][et_pb_column _builder_version=&#8221;4.19.1&#8243; _module_preset=&#8221;default&#8221; type=&#8221;4_4&#8243; theme_builder_area=&#8221;post_content&#8221;][et_pb_text _builder_version=&#8221;4.19.1&#8243; _module_preset=&#8221;default&#8221; theme_builder_area=&#8221;post_content&#8221; hover_enabled=&#8221;0&#8243; sticky_enabled=&#8221;0&#8243;]<\/p>\n<p style=\"margin: 0cm 0cm 9.4pt 0cm;\"><span style=\"font-family: 'Open Sans',sans-serif; color: #545454;\">La nutrici\u00f3n se refiere a los nutrientes que componen los alimentos, implica los procesos que suceden en tu cuerpo despu\u00e9s de comer, es decir, la obtenci\u00f3n, asimilaci\u00f3n y digesti\u00f3n de los nutrimientos por el organismo.<o:p><\/o:p><\/span><\/p>\n<p style=\"margin: 0cm 0cm 9.4pt 0cm;\"><span style=\"font-family: 'Verdana',sans-serif; color: #67666a;\">Mientras que la alimentaci\u00f3n es la elecci\u00f3n, preparaci\u00f3n y consumo de alimentos, lo cual tiene mucha relaci\u00f3n con el entorno, las tradiciones, la econom\u00eda y el lugar en donde vives.<o:p><\/o:p><\/span><\/p>\n<p style=\"margin: 0cm 0cm 9.4pt 0cm;\"><span style=\"font-family: 'Verdana',sans-serif; color: #67666a;\">La alimentaci\u00f3n saludable cumple con necesidades nutricionales que necesita el cuerpo, para mantener una buena salud. Adem\u00e1s, comer sano te protege de sufrir enfermedades como obesidad, az\u00facar en la sangre y presi\u00f3n alta.<o:p><\/o:p><\/span><\/p>\n<p style=\"margin: 0cm 0cm 9.4pt 0cm;\"><span style=\"font-family: 'Verdana',sans-serif; color: #67666a;\">Por el contrario, un alimento &#8220;no saludable&#8221; aporta poco valor nutricional y tiene muchas calor\u00edas pues usualmente son ricos en grasas y az\u00facares.<o:p><\/o:p><\/span><\/p>\n<p>[\/et_pb_text][\/et_pb_column][\/et_pb_row][et_pb_row _builder_version=&#8221;4.19.1&#8243; _module_preset=&#8221;default&#8221; theme_builder_area=&#8221;post_content&#8221;][et_pb_column _builder_version=&#8221;4.19.1&#8243; _module_preset=&#8221;default&#8221; type=&#8221;4_4&#8243; theme_builder_area=&#8221;post_content&#8221;][et_pb_image src=&#8221;https:\/\/tallerescocina.desarrollositios.info\/wp-content\/uploads\/2023\/03\/vegetables-573958_1280.jpg&#8221; _builder_version=&#8221;4.19.1&#8243; _module_preset=&#8221;default&#8221; theme_builder_area=&#8221;post_content&#8221; hover_enabled=&#8221;0&#8243; sticky_enabled=&#8221;0&#8243; title_text=&#8221;vegetables-573958_1280&#8243;][\/et_pb_image][\/et_pb_column][\/et_pb_row][\/et_pb_section]<\/p>\n","protected":false},"excerpt":{"rendered":"<p>Nutrici\u00f3n, no es precisamente lo mismo que alimentaci\u00f3nLa nutrici\u00f3n se refiere a los nutrientes que componen los alimentos, implica los procesos que suceden en tu cuerpo despu\u00e9s de comer, es decir, la obtenci\u00f3n, asimilaci\u00f3n y digesti\u00f3n de los nutrimientos por el organismo. Mientras que la alimentaci\u00f3n es la elecci\u00f3n, preparaci\u00f3n y consumo de alimentos, lo [&hellip;]<\/p>\n","protected":false},"author":1,"featured_media":0,"parent":0,"menu_order":0,"comment_status":"closed","ping_status":"closed","template":"","meta":{"_et_pb_use_builder":"on","_et_pb_old_content":"","_et_gb_content_width":"","courseId":0},"_links":{"self":[{"href":"https:\/\/tallerescocina.desarrollositios.info\/index.php\/wp-json\/wp\/v2\/pages\/40"}],"collection":[{"href":"https:\/\/tallerescocina.desarrollositios.info\/index.php\/wp-json\/wp\/v2\/pages"}],"about":[{"href":"https:\/\/tallerescocina.desarrollositios.info\/index.php\/wp-json\/wp\/v2\/types\/page"}],"author":[{"embeddable":true,"href":"https:\/\/tallerescocina.desarrollositios.info\/index.php\/wp-json\/wp\/v2\/users\/1"}],"replies":[{"embeddable":true,"href":"https:\/\/tallerescocina.desarrollositios.info\/index.php\/wp-json\/wp\/v2\/comments?post=40"}],"version-history":[{"count":2,"href":"https:\/\/tallerescocina.desarrollositios.info\/index.php\/wp-json\/wp\/v2\/pages\/40\/revisions"}],"predecessor-version":[{"id":43,"href":"https:\/\/tallerescocina.desarrollositios.info\/index.php\/wp-json\/wp\/v2\/pages\/40\/revisions\/43"}],"wp:attachment":[{"href":"https:\/\/tallerescocina.desarrollositios.info\/index.php\/wp-json\/wp\/v2\/media?parent=40"}],"curies":[{"name":"wp","href":"https:\/\/api.w.org\/{rel}","templated":true}]}}