{"id":24,"date":"2023-03-03T08:20:43","date_gmt":"2023-03-03T08:20:43","guid":{"rendered":"https:\/\/tallerescocina.desarrollositios.info\/?page_id=24"},"modified":"2023-03-06T13:08:36","modified_gmt":"2023-03-06T13:08:36","slug":"nosotros","status":"publish","type":"page","link":"https:\/\/tallerescocina.desarrollositios.info\/index.php\/nosotros\/","title":{"rendered":"Nosotros"},"content":{"rendered":"<p>[et_pb_section fb_built=&#8221;1&#8243; theme_builder_area=&#8221;post_content&#8221; _builder_version=&#8221;4.19.1&#8243; _module_preset=&#8221;default&#8221;][et_pb_row _builder_version=&#8221;4.19.1&#8243; _module_preset=&#8221;default&#8221; theme_builder_area=&#8221;post_content&#8221;][et_pb_column _builder_version=&#8221;4.19.1&#8243; _module_preset=&#8221;default&#8221; type=&#8221;4_4&#8243; theme_builder_area=&#8221;post_content&#8221;][et_pb_text _builder_version=&#8221;4.19.1&#8243; _module_preset=&#8221;default&#8221; theme_builder_area=&#8221;post_content&#8221; hover_enabled=&#8221;0&#8243; sticky_enabled=&#8221;0&#8243;]<\/p>\n<h1 class=\"elementor-heading-title elementor-size-default\" controlslist=\"nodownload\">\u00bf<b>QU\u00c9 ES<\/b><span>\u00a0<\/span>TALLERES DE COCINA ONLINE?<\/h1>\n<p>[\/et_pb_text][\/et_pb_column][\/et_pb_row][et_pb_row _builder_version=&#8221;4.19.1&#8243; _module_preset=&#8221;default&#8221; column_structure=&#8221;1_2,1_2&#8243; theme_builder_area=&#8221;post_content&#8221;][et_pb_column _builder_version=&#8221;4.19.1&#8243; _module_preset=&#8221;default&#8221; type=&#8221;1_2&#8243; theme_builder_area=&#8221;post_content&#8221;][et_pb_text _builder_version=&#8221;4.19.1&#8243; _module_preset=&#8221;default&#8221; theme_builder_area=&#8221;post_content&#8221; hover_enabled=&#8221;0&#8243; sticky_enabled=&#8221;0&#8243;]<\/p>\n<p>Es un espacio para aprender cocina por cualquier motivaci\u00f3n. Esta dedicado a todos aquellos que sienten pasi\u00f3n por la cocina a nivel amateur o profesional. Los talleres pueden servir a cualquier tipo de p\u00fablico, porque aunque se comienza con recetas b\u00e1sicas, el nivel de dificultad va aumentando hasta llegar a realizar recetas dignas de un chef o profesional experimentado en cocina.\u00a0<\/p>\n<p>Si bien las clases son online y se pueden repetir las veces que sea necesario, tambi\u00e9n se incluyen videos en vivo a los cuales ser\u00e1s invitado semanalmente y en el cual puedes participar en modo m\u00e1s activo.\u00a0<\/p>\n<p>Todos los talleres son realizados por destacados profesionales de la cocina, con experiencia dictando seminarios y clases.<\/p>\n<p>Una vez finalizado el taller recibir\u00e1s una invitaci\u00f3n a compartir con nosotros un coctel de despedida para probar las recetas del curso.<\/p>\n<p>Nuestra misi\u00f3n es mejorar la vida de las personas a trav\u00e9s de la cocina.\u00a0<\/p>\n<p>Hemos logrado que nuestros alumnos apliquen sus conocimientos en sus trabajos en cocina profesional y as\u00ed como con sus familias.<\/p>\n<p>&nbsp;<\/p>\n<p>[\/et_pb_text][\/et_pb_column][et_pb_column _builder_version=&#8221;4.19.1&#8243; _module_preset=&#8221;default&#8221; type=&#8221;1_2&#8243; theme_builder_area=&#8221;post_content&#8221;][et_pb_image src=&#8221;https:\/\/tallerescocina.desarrollositios.info\/wp-content\/uploads\/2023\/03\/catering-prezzi.jpg&#8221; _builder_version=&#8221;4.19.1&#8243; _module_preset=&#8221;default&#8221; theme_builder_area=&#8221;post_content&#8221; hover_enabled=&#8221;0&#8243; sticky_enabled=&#8221;0&#8243; title_text=&#8221;catering-prezzi&#8221;][\/et_pb_image][\/et_pb_column][\/et_pb_row][et_pb_row _builder_version=&#8221;4.19.1&#8243; _module_preset=&#8221;default&#8221; theme_builder_area=&#8221;post_content&#8221;][et_pb_column _builder_version=&#8221;4.19.1&#8243; _module_preset=&#8221;default&#8221; type=&#8221;4_4&#8243; theme_builder_area=&#8221;post_content&#8221;][et_pb_text _builder_version=&#8221;4.19.1&#8243; _module_preset=&#8221;default&#8221; theme_builder_area=&#8221;post_content&#8221; hover_enabled=&#8221;0&#8243; sticky_enabled=&#8221;0&#8243;]<\/p>\n<h2 class=\"elementor-heading-title elementor-size-default\" controlslist=\"nodownload\">Estos son algunas de<br \/>nuestros profesores<\/h2>\n<p>[\/et_pb_text][\/et_pb_column][\/et_pb_row][et_pb_row _builder_version=&#8221;4.19.1&#8243; _module_preset=&#8221;default&#8221; theme_builder_area=&#8221;post_content&#8221; column_structure=&#8221;1_5,1_5,1_5,1_5,1_5&#8243; hover_enabled=&#8221;0&#8243; sticky_enabled=&#8221;0&#8243;][et_pb_column _builder_version=&#8221;4.19.1&#8243; _module_preset=&#8221;default&#8221; type=&#8221;1_5&#8243; theme_builder_area=&#8221;post_content&#8221;][et_pb_team_member name=&#8221;Eduardo Rossi&#8221; image_url=&#8221;https:\/\/tallerescocina.desarrollositios.info\/wp-content\/uploads\/2023\/03\/profile1-1.png&#8221; position=&#8221;Puesto&#8221; _builder_version=&#8221;4.19.1&#8243; _module_preset=&#8221;default&#8221; theme_builder_area=&#8221;post_content&#8221; hover_enabled=&#8221;0&#8243; sticky_enabled=&#8221;0&#8243; border_radii_image=&#8221;off||||&#8221; title_text=&#8221;profile1&#8243;]<\/p>\n<p>Profesor Taller Cocina Italiana.<\/p>\n<p>[\/et_pb_team_member][\/et_pb_column][et_pb_column _builder_version=&#8221;4.19.1&#8243; _module_preset=&#8221;default&#8221; type=&#8221;1_5&#8243; theme_builder_area=&#8221;post_content&#8221;][et_pb_team_member name=&#8221;Jules Bernard&#8221; image_url=&#8221;https:\/\/tallerescocina.desarrollositios.info\/wp-content\/uploads\/2023\/03\/profile2-1.png&#8221; position=&#8221;Puesto&#8221; _builder_version=&#8221;4.19.1&#8243; _module_preset=&#8221;default&#8221; theme_builder_area=&#8221;post_content&#8221; hover_enabled=&#8221;0&#8243; sticky_enabled=&#8221;0&#8243; title_text=&#8221;profile2&#8243;]<\/p>\n<p>Profesor Cocina Francesa<\/p>\n<p>[\/et_pb_team_member][\/et_pb_column][et_pb_column _builder_version=&#8221;4.19.1&#8243; _module_preset=&#8221;default&#8221; type=&#8221;1_5&#8243; theme_builder_area=&#8221;post_content&#8221;][et_pb_team_member name=&#8221;Ivana Saez Pael&#8221; image_url=&#8221;https:\/\/tallerescocina.desarrollositios.info\/wp-content\/uploads\/2023\/03\/profile3.png&#8221; position=&#8221;Puesto&#8221; _builder_version=&#8221;4.19.1&#8243; _module_preset=&#8221;default&#8221; theme_builder_area=&#8221;post_content&#8221; hover_enabled=&#8221;0&#8243; sticky_enabled=&#8221;0&#8243; title_text=&#8221;profile3&#8243;]<\/p>\n<p>Nutricionista Taller SuperAlimentos<\/p>\n<p>[\/et_pb_team_member][\/et_pb_column][et_pb_column _builder_version=&#8221;4.19.1&#8243; _module_preset=&#8221;default&#8221; type=&#8221;1_5&#8243; theme_builder_area=&#8221;post_content&#8221;][et_pb_team_member name=&#8221;Karen Greeve&#8221; image_url=&#8221;https:\/\/tallerescocina.desarrollositios.info\/wp-content\/uploads\/2023\/03\/profile4.png&#8221; position=&#8221;Puesto&#8221; _builder_version=&#8221;4.19.1&#8243; _module_preset=&#8221;default&#8221; theme_builder_area=&#8221;post_content&#8221; hover_enabled=&#8221;0&#8243; sticky_enabled=&#8221;0&#8243; title_text=&#8221;profile4&#8243;]<\/p>\n<p>Profesora protocol\u00f3 etiqueta en la mesa<\/p>\n<p>[\/et_pb_team_member][\/et_pb_column][et_pb_column _builder_version=&#8221;4.19.1&#8243; _module_preset=&#8221;default&#8221; type=&#8221;1_5&#8243; theme_builder_area=&#8221;post_content&#8221;][et_pb_team_member name=&#8221;Akira Takahashi&#8221; image_url=&#8221;https:\/\/tallerescocina.desarrollositios.info\/wp-content\/uploads\/2023\/03\/profile5.png&#8221; position=&#8221;Puesto&#8221; _builder_version=&#8221;4.19.1&#8243; _module_preset=&#8221;default&#8221; theme_builder_area=&#8221;post_content&#8221; hover_enabled=&#8221;0&#8243; sticky_enabled=&#8221;0&#8243; title_text=&#8221;profile5&#8243;]<\/p>\n<p>Profesor Taller cocina japonesa<\/p>\n<p>[\/et_pb_team_member][\/et_pb_column][\/et_pb_row][\/et_pb_section]<\/p>\n","protected":false},"excerpt":{"rendered":"<p>\u00bfQU\u00c9 ES\u00a0TALLERES DE COCINA ONLINE?Es un espacio para aprender cocina por cualquier motivaci\u00f3n. Esta dedicado a todos aquellos que sienten pasi\u00f3n por la cocina a nivel amateur o profesional. Los talleres pueden servir a cualquier tipo de p\u00fablico, porque aunque se comienza con recetas b\u00e1sicas, el nivel de dificultad va aumentando hasta llegar a realizar [&hellip;]<\/p>\n","protected":false},"author":1,"featured_media":0,"parent":0,"menu_order":0,"comment_status":"closed","ping_status":"closed","template":"","meta":{"_et_pb_use_builder":"on","_et_pb_old_content":"<!-- wp:divi\/placeholder \/-->","_et_gb_content_width":"","courseId":0},"_links":{"self":[{"href":"https:\/\/tallerescocina.desarrollositios.info\/index.php\/wp-json\/wp\/v2\/pages\/24"}],"collection":[{"href":"https:\/\/tallerescocina.desarrollositios.info\/index.php\/wp-json\/wp\/v2\/pages"}],"about":[{"href":"https:\/\/tallerescocina.desarrollositios.info\/index.php\/wp-json\/wp\/v2\/types\/page"}],"author":[{"embeddable":true,"href":"https:\/\/tallerescocina.desarrollositios.info\/index.php\/wp-json\/wp\/v2\/users\/1"}],"replies":[{"embeddable":true,"href":"https:\/\/tallerescocina.desarrollositios.info\/index.php\/wp-json\/wp\/v2\/comments?post=24"}],"version-history":[{"count":8,"href":"https:\/\/tallerescocina.desarrollositios.info\/index.php\/wp-json\/wp\/v2\/pages\/24\/revisions"}],"predecessor-version":[{"id":229,"href":"https:\/\/tallerescocina.desarrollositios.info\/index.php\/wp-json\/wp\/v2\/pages\/24\/revisions\/229"}],"wp:attachment":[{"href":"https:\/\/tallerescocina.desarrollositios.info\/index.php\/wp-json\/wp\/v2\/media?parent=24"}],"curies":[{"name":"wp","href":"https:\/\/api.w.org\/{rel}","templated":true}]}}